{"id":20,"date":"2021-03-20T18:33:17","date_gmt":"2021-03-21T01:33:17","guid":{"rendered":"https:\/\/cppyf.com\/capacitacion\/reset-password\/"},"modified":"2021-04-05T22:23:08","modified_gmt":"2021-04-06T05:23:08","slug":"reset-password","status":"publish","type":"page","link":"https:\/\/cppyf.com\/capacitacion\/reset-password\/","title":{"rendered":"Restablecer la contrase\u00f1a"},"content":{"rendered":"<div class=\"event-wrapper-shortcode reset-password\"><form name=\"resetpassform\" action=\"https:\/\/cppyf.com\/capacitacion\/wp-login.php?action=resetpass\" method=\"POST\" class=\"event-auth-form\">\n    <input type=\"hidden\" name=\"user_login\" value=\"\" \/>\n\n    <div class=\"user-pass1-wrap\">\n        <p class=\"form-row required\">\n            <label for=\"pass1\">Password<\/label>\n        <\/p>\n\n        <div class=\"wp-pwd\">\n            <span class=\"password-input-wrapper\">\n                <input type=\"password\"  class=\"event_auth_input\" name=\"pass1\" \/>\n            <\/span>\n        <\/div>\n    <\/div>\n\n    <div class=\"user-pass2-wrap\">\n        <p class=\"form-row required\">\n            <label for=\"pass2\">Confirm Password<\/label>\n        <\/p>\n\n        <div class=\"wp-pwd\">\n            <span class=\"password-input-wrapper\">\n                <input type=\"password\" name=\"pass2\" class=\"event_auth_input\" \/>\n            <\/span>\n        <\/div>\n    <\/div>\n\n    <p class=\"description indicator-hint\">Truco: La contrase\u00f1a debe ser de al menos doce caracteres. Para hacerla m\u00e1s fuerte usa may\u00fasculas y min\u00fasculas, n\u00fameros y s\u00edmbolos como ! \" ? $ % ^ y ).<\/p>\n\n        <input type=\"hidden\" name=\"key\" value=\"\" \/>\n    <p class=\"submit form-row required\">\n        <input type=\"submit\" name=\"submit\" class=\"button button-primary button-large\" value=\"Reset Password\" \/>\n    <\/p>\n<\/form>\n\n<p id=\"nav\">\n            <a href=\"https:\/\/cppyf.com\/capacitacion\/login\/\">Log in<\/a>\n         | <a href=\"https:\/\/cppyf.com\/capacitacion\/account\/?action=register\">Register<\/a><\/p><\/div>\n","protected":false},"excerpt":{"rendered":"","protected":false},"author":1,"featured_media":0,"parent":0,"menu_order":0,"comment_status":"closed","ping_status":"closed","template":"","meta":{"_bbp_topic_count":0,"_bbp_reply_count":0,"_bbp_total_topic_count":0,"_bbp_total_reply_count":0,"_bbp_voice_count":0,"_bbp_anonymous_reply_count":0,"_bbp_topic_count_hidden":0,"_bbp_reply_count_hidden":0,"_bbp_forum_subforum_count":0,"pmpro_default_level":0,"footnotes":""},"_links":{"self":[{"href":"https:\/\/cppyf.com\/capacitacion\/wp-json\/wp\/v2\/pages\/20"}],"collection":[{"href":"https:\/\/cppyf.com\/capacitacion\/wp-json\/wp\/v2\/pages"}],"about":[{"href":"https:\/\/cppyf.com\/capacitacion\/wp-json\/wp\/v2\/types\/page"}],"author":[{"embeddable":true,"href":"https:\/\/cppyf.com\/capacitacion\/wp-json\/wp\/v2\/users\/1"}],"replies":[{"embeddable":true,"href":"https:\/\/cppyf.com\/capacitacion\/wp-json\/wp\/v2\/comments?post=20"}],"version-history":[{"count":1,"href":"https:\/\/cppyf.com\/capacitacion\/wp-json\/wp\/v2\/pages\/20\/revisions"}],"predecessor-version":[{"id":9627,"href":"https:\/\/cppyf.com\/capacitacion\/wp-json\/wp\/v2\/pages\/20\/revisions\/9627"}],"wp:attachment":[{"href":"https:\/\/cppyf.com\/capacitacion\/wp-json\/wp\/v2\/media?parent=20"}],"curies":[{"name":"wp","href":"https:\/\/api.w.org\/{rel}","templated":true}]}}