{"id":10180,"date":"2021-04-18T09:51:10","date_gmt":"2021-04-18T16:51:10","guid":{"rendered":"https:\/\/cppyf.com\/capacitacion\/?page_id=10180"},"modified":"2021-04-18T09:51:10","modified_gmt":"2021-04-18T16:51:10","slug":"historia","status":"publish","type":"page","link":"https:\/\/cppyf.com\/capacitacion\/historia\/","title":{"rendered":"Historia"},"content":{"rendered":"<div>Nuestra historia&#8230;<\/p>\n<\/div>\n<div>Surgimos en agosto de 2019 en la ciudad de Tijuana, B.C. M\u00e9xico, con 4 intenciones principales:<\/div>\n<div><\/div>\n<div>1.-\u00a0<span class=\"il\">Brindar<\/span>\u00a0<span class=\"il\">atenci\u00f3n<\/span>\u00a0<span class=\"il\">psicol\u00f3gica<\/span>\u00a0a\u00a0<span class=\"il\">familias<\/span>\u00a0y parejas.<\/div>\n<div>2.- Contribuir a la formaci\u00f3n de psicoterapeutas especializados y entrenados en terapia familiar y de pareja que atiendan los diversos contextos.<\/div>\n<div>3.- Hacer investigaci\u00f3n en el campo de la psicolog\u00eda y la terapia familiar como ciudad fronteriza.<\/div>\n<div>4.- Ofrecer excelencia y calidad en nuestros programas de formaci\u00f3n y servicios.<\/div>\n<div><\/div>\n<div>Somos un grupo de psic\u00f3logos y profesionales con t\u00edtulo, c\u00e9dula profesional y estudios de posgrado con \u00e9tica y responsabilidad, enfocados en contribuir y colaborar con el bienestar de las\u00a0<span class=\"il\">familias<\/span>\u00a0y parejas de Tijuana y sus alrededores.<\/div>\n<div><\/div>\n<div>Nuestro trabajo es de corte sist\u00e9mico. Brindamos una\u00a0<span class=\"il\">atenci\u00f3n<\/span>\u00a0integral gracias al apoyo y colaboraci\u00f3n con otros profesionales en el \u00e1rea de la salud. Ofrecemos cursos, talleres, capacitaciones, diplomados y charlas para profesionales y p\u00fablico en general. Contamos con asesor\u00edas acad\u00e9micas, asesor\u00eda de casos y supervisi\u00f3n en vivo para profesionales de la psicolog\u00eda. Adem\u00e1s, de beneficios a estudiantes y terapia a bajo costo para poblaci\u00f3n vulnerable.<\/div>\n","protected":false},"excerpt":{"rendered":"<p>Nuestra historia&#8230; Surgimos en agosto de 2019 en la ciudad de Tijuana, B.C. M\u00e9xico, con 4 intenciones principales: 1.-\u00a0Brindar\u00a0atenci\u00f3n\u00a0psicol\u00f3gica\u00a0a\u00a0familias\u00a0y parejas. 2.- Contribuir a la formaci\u00f3n de psicoterapeutas especializados y entrenados en terapia familiar y de pareja que atiendan los diversos &hellip; <\/p>\n","protected":false},"author":1,"featured_media":0,"parent":0,"menu_order":0,"comment_status":"closed","ping_status":"closed","template":"","meta":{"_bbp_topic_count":0,"_bbp_reply_count":0,"_bbp_total_topic_count":0,"_bbp_total_reply_count":0,"_bbp_voice_count":0,"_bbp_anonymous_reply_count":0,"_bbp_topic_count_hidden":0,"_bbp_reply_count_hidden":0,"_bbp_forum_subforum_count":0,"pmpro_default_level":0,"footnotes":""},"_links":{"self":[{"href":"https:\/\/cppyf.com\/capacitacion\/wp-json\/wp\/v2\/pages\/10180"}],"collection":[{"href":"https:\/\/cppyf.com\/capacitacion\/wp-json\/wp\/v2\/pages"}],"about":[{"href":"https:\/\/cppyf.com\/capacitacion\/wp-json\/wp\/v2\/types\/page"}],"author":[{"embeddable":true,"href":"https:\/\/cppyf.com\/capacitacion\/wp-json\/wp\/v2\/users\/1"}],"replies":[{"embeddable":true,"href":"https:\/\/cppyf.com\/capacitacion\/wp-json\/wp\/v2\/comments?post=10180"}],"version-history":[{"count":1,"href":"https:\/\/cppyf.com\/capacitacion\/wp-json\/wp\/v2\/pages\/10180\/revisions"}],"predecessor-version":[{"id":10181,"href":"https:\/\/cppyf.com\/capacitacion\/wp-json\/wp\/v2\/pages\/10180\/revisions\/10181"}],"wp:attachment":[{"href":"https:\/\/cppyf.com\/capacitacion\/wp-json\/wp\/v2\/media?parent=10180"}],"curies":[{"name":"wp","href":"https:\/\/api.w.org\/{rel}","templated":true}]}}